{"id":986,"date":"2025-05-25T01:34:36","date_gmt":"2025-05-25T01:34:36","guid":{"rendered":"https:\/\/itbm.mx\/?page_id=986"},"modified":"2026-03-30T17:32:32","modified_gmt":"2026-03-30T17:32:32","slug":"aviso-de-privacidad-integral","status":"publish","type":"page","link":"https:\/\/itbm.mx\/en\/aviso-de-privacidad-integral\/","title":{"rendered":"AVISO DE PRIVACIDAD INTEGRAL"},"content":{"rendered":"<div data-elementor-type=\"wp-page\" data-elementor-id=\"986\" class=\"elementor elementor-986\" data-elementor-post-type=\"page\">\n\t\t\t\t\t\t<section class=\"elementor-section elementor-top-section elementor-element elementor-element-bc6171c elementor-section-boxed elementor-section-height-default elementor-section-height-default\" data-id=\"bc6171c\" data-element_type=\"section\" data-e-type=\"section\">\n\t\t\t\t\t\t<div class=\"elementor-container elementor-column-gap-default\">\n\t\t\t\t\t<div class=\"elementor-column elementor-col-100 elementor-top-column elementor-element elementor-element-0413e7d\" data-id=\"0413e7d\" data-element_type=\"column\" data-e-type=\"column\">\n\t\t\t<div class=\"elementor-widget-wrap elementor-element-populated\">\n\t\t\t\t\t\t<div class=\"elementor-element elementor-element-cf1ab36 elementor-widget elementor-widget-text-editor\" data-id=\"cf1ab36\" data-element_type=\"widget\" data-e-type=\"widget\" data-widget_type=\"text-editor.default\">\n\t\t\t\t<div class=\"elementor-widget-container\">\n\t\t\t\t\t\t\t\t\t<h1 style=\"text-align: center;\"><b>AVISO DE PRIVACIDAD INTEGRAL<\/b><\/h1>\t\t\t\t\t\t\t\t<\/div>\n\t\t\t\t<\/div>\n\t\t\t\t\t<\/div>\n\t\t<\/div>\n\t\t\t\t\t<\/div>\n\t\t<\/section>\n\t\t\t\t<section class=\"elementor-section elementor-top-section elementor-element elementor-element-d5285c4 elementor-section-height-min-height elementor-section-items-top elementor-section-boxed elementor-section-height-default\" data-id=\"d5285c4\" data-element_type=\"section\" data-e-type=\"section\" data-settings=\"{&quot;background_background&quot;:&quot;classic&quot;}\">\n\t\t\t\t\t\t\t<div class=\"elementor-background-overlay\"><\/div>\n\t\t\t\t\t\t\t<div class=\"elementor-container elementor-column-gap-default\">\n\t\t\t\t\t<div class=\"elementor-column elementor-col-100 elementor-top-column elementor-element elementor-element-b4e7c50\" data-id=\"b4e7c50\" data-element_type=\"column\" data-e-type=\"column\">\n\t\t\t<div class=\"elementor-widget-wrap elementor-element-populated\">\n\t\t\t\t\t\t<div class=\"elementor-element elementor-element-8dd97ee elementor-widget elementor-widget-image\" data-id=\"8dd97ee\" data-element_type=\"widget\" data-e-type=\"widget\" data-widget_type=\"image.default\">\n\t\t\t\t<div class=\"elementor-widget-container\">\n\t\t\t\t\t\t\t\t\t\t\t\t\t\t\t<img fetchpriority=\"high\" decoding=\"async\" width=\"800\" height=\"404\" src=\"https:\/\/itbm.mx\/wp-content\/uploads\/2023\/12\/Landing-ITBM-Retro-Mapa-1024x517.png\" class=\"elementor-animation-shrink attachment-large size-large wp-image-815\" alt=\"\" srcset=\"https:\/\/itbm.mx\/wp-content\/uploads\/2023\/12\/Landing-ITBM-Retro-Mapa-1024x517.png 1024w, https:\/\/itbm.mx\/wp-content\/uploads\/2023\/12\/Landing-ITBM-Retro-Mapa-300x151.png 300w, https:\/\/itbm.mx\/wp-content\/uploads\/2023\/12\/Landing-ITBM-Retro-Mapa-768x388.png 768w, https:\/\/itbm.mx\/wp-content\/uploads\/2023\/12\/Landing-ITBM-Retro-Mapa-18x9.png 18w, https:\/\/itbm.mx\/wp-content\/uploads\/2023\/12\/Landing-ITBM-Retro-Mapa.png 1242w\" sizes=\"(max-width: 800px) 100vw, 800px\" \/>\t\t\t\t\t\t\t\t\t\t\t\t\t\t\t<\/div>\n\t\t\t\t<\/div>\n\t\t\t\t<div class=\"elementor-element elementor-element-497e987 elementor-widget elementor-widget-heading\" data-id=\"497e987\" data-element_type=\"widget\" data-e-type=\"widget\" data-widget_type=\"heading.default\">\n\t\t\t\t<div class=\"elementor-widget-container\">\n\t\t\t\t\t<h2 class=\"elementor-heading-title elementor-size-default\">INTEGRAL TECH FOR BUSINESS MANAGEMENT, S. de R.L. de C.V. (ITBM\u00ae)<\/h2>\t\t\t\t<\/div>\n\t\t\t\t<\/div>\n\t\t\t\t<div class=\"elementor-element elementor-element-830a9e3 elementor-widget elementor-widget-text-editor\" data-id=\"830a9e3\" data-element_type=\"widget\" data-e-type=\"widget\" data-widget_type=\"text-editor.default\">\n\t\t\t\t<div class=\"elementor-widget-container\">\n\t\t\t\t\t\t\t\t\t<p><span style=\"font-weight: 400;\">En cumplimiento con la <\/span><b>Ley Federal de Protecci\u00f3n de Datos Personales en Posesi\u00f3n de los Particulares (LFPDPPP)<\/b><span style=\"font-weight: 400;\">, su Reglamento y los Lineamientos del Aviso de Privacidad, ITBM\u00ae pone a su disposici\u00f3n el presente documento:<\/span><\/p><h2><b>1. Responsable del Tratamiento<\/b><\/h2><p><b>INTEGRAL TECH FOR BUSINESS MANAGEMENT, S. de R.L. de C.V.<\/b><span style=\"font-weight: 400;\">, en adelante <\/span><b>&#8220;ITBM\u00ae&#8221;<\/b><span style=\"font-weight: 400;\">, con domicilio en Av. Domingo Diez 1003, 3er piso, Col. Del Empleado, Cuernavaca, Morelos, C.P. 62250, M\u00e9xico, es el responsable del uso y protecci\u00f3n de sus datos personales.<\/span><\/p><h2><b>2. Datos Personales Recabados<\/b><\/h2><p><span style=\"font-weight: 400;\">Para las finalidades se\u00f1aladas en este aviso, recabaremos las siguientes categor\u00edas de datos:<\/span><\/p><ul><li style=\"font-weight: 400;\" aria-level=\"1\"><b>Identificaci\u00f3n:<\/b><span style=\"font-weight: 400;\"> Nombre completo,\u00a0<\/span><\/li><li style=\"font-weight: 400;\" aria-level=\"1\"><b>Contacto:<\/b><span style=\"font-weight: 400;\"> correo electr\u00f3nico, tel\u00e9fono fijo y m\u00f3vil.<\/span><\/li><li style=\"font-weight: 400;\" aria-level=\"1\"><b>Laborales:<\/b><span style=\"font-weight: 400;\"> Puesto o cargo,\u00a0<\/span><\/li><\/ul><h2><b>3. Finalidades del Tratamiento<\/b><\/h2><ol><li><b> Finalidades Primarias (Originarias y Necesarias):<\/b><\/li><\/ol><ul><li style=\"font-weight: 400;\" aria-level=\"1\"><span style=\"font-weight: 400;\">Verificar y confirmar su identidad y representaci\u00f3n legal.<\/span><\/li><li style=\"font-weight: 400;\" aria-level=\"1\"><span style=\"font-weight: 400;\">Gesti\u00f3n, control y administraci\u00f3n de la relaci\u00f3n contractual.<\/span><\/li><li style=\"font-weight: 400;\" aria-level=\"1\"><span style=\"font-weight: 400;\">Prestaci\u00f3n de servicios<\/span><\/li><li style=\"font-weight: 400;\" aria-level=\"1\"><span style=\"font-weight: 400;\">Cumplimiento de obligaciones legales, fiscales y regulatorias.<\/span><\/li><\/ul><ol><li><b> Finalidades Secundarias (Adicionales):<\/b><\/li><\/ol><ul><li style=\"font-weight: 400;\" aria-level=\"1\"><span style=\"font-weight: 400;\">Env\u00edo de boletines informativos, actualizaciones normativas y ofertas comerciales.<\/span><\/li><li style=\"font-weight: 400;\" aria-level=\"1\"><span style=\"font-weight: 400;\">Invitaciones a eventos, webinars y capacitaciones organizadas por ITBM\u00ae.<\/span><\/li><\/ul><p><b>Nota:<\/b><span style=\"font-weight: 400;\"> Si no desea que sus datos sean tratados para finalidades secundarias, puede manifestar su negativa enviando un correo a: <\/span><b>hello@itbm.mx<\/b><\/p><h2><b>4. Transferencia de Datos<\/b><\/h2><p><span style=\"font-weight: 400;\">Sus datos personales podr\u00e1n ser transferidos, sin requerir su consentimiento expreso, en los supuestos del Art. 37 de la LFPDPPP, as\u00ed como a:<\/span><\/p><ul><li style=\"font-weight: 400;\" aria-level=\"1\"><b>Autoridades Jurisdiccionales:<\/b><span style=\"font-weight: 400;\"> En cumplimiento de mandatos legales.<\/span><\/li><li style=\"font-weight: 400;\" aria-level=\"1\"><b>Terceros Prestadores de Servicios:<\/b><span style=\"font-weight: 400;\"> \u00danicamente cuando sea necesario para la operaci\u00f3n t\u00e9cnica y administrativa del servicio contratado.<\/span><\/li><\/ul><h2><b>5. Derechos ARCO (Acceso, Rectificaci\u00f3n, Cancelaci\u00f3n y Oposici\u00f3n)<\/b><\/h2><p><span style=\"font-weight: 400;\">Usted tiene derecho a conocer qu\u00e9 datos tenemos de usted (Acceso), solicitar la correcci\u00f3n de su informaci\u00f3n (Rectificaci\u00f3n), que la eliminemos de nuestros registros (Cancelaci\u00f3n) o oponerse al uso de los mismos para fines espec\u00edficos (Oposici\u00f3n).<\/span><\/p><p><span style=\"font-weight: 400;\">Para ejercer estos derechos, deber\u00e1 enviar una Solicitud de Derechos ARCO al correo: hello@itbm.mx o presentarla f\u00edsicamente en nuestro domicilio. La solicitud debe incluir:<\/span><\/p><ol><li style=\"font-weight: 400;\" aria-level=\"1\"><span style=\"font-weight: 400;\">Nombre del titular y domicilio u otro medio para comunicarle la respuesta.<\/span><\/li><li style=\"font-weight: 400;\" aria-level=\"1\"><span style=\"font-weight: 400;\">Documentos que acrediten su identidad (INE\/Pasaporte) o representaci\u00f3n legal.<\/span><\/li><li style=\"font-weight: 400;\" aria-level=\"1\"><span style=\"font-weight: 400;\">Descripci\u00f3n clara de los datos personales respecto de los que se busca ejercer el derecho.<\/span><\/li><li style=\"font-weight: 400;\" aria-level=\"1\"><span style=\"font-weight: 400;\">Cualquier otro elemento que facilite la localizaci\u00f3n de los datos.<\/span><\/li><\/ol><p><i><span style=\"font-weight: 400;\">Plazo de respuesta: 20 d\u00edas h\u00e1biles, prorrogables por 15 m\u00e1s seg\u00fan la Ley.<\/span><\/i><\/p><h2><b>6. Revocaci\u00f3n del Consentimiento y Limitaci\u00f3n de Uso<\/b><\/h2><p><span style=\"font-weight: 400;\">Usted puede revocar el consentimiento que nos haya otorgado o limitar la divulgaci\u00f3n de sus datos. El procedimiento es el mismo que para los Derechos ARCO. Sin embargo, considere que la revocaci\u00f3n podr\u00eda implicar la imposibilidad de seguir prest\u00e1ndole nuestros servicios.<\/span><\/p><h2><b>7. Uso de Tecnolog\u00edas de Rastreo en el Portal Web<\/b><\/h2><p><span style=\"font-weight: 400;\">Le informamos que en nuestra p\u00e1gina de internet utilizamos <\/span><i><span style=\"font-weight: 400;\">cookies<\/span><\/i><span style=\"font-weight: 400;\"> y otras tecnolog\u00edas para monitorear su comportamiento como usuario, con el fin de brindarle un mejor servicio y experiencia al navegar. Estos datos pueden deshabilitarse directamente en la configuraci\u00f3n de su navegador.<\/span><\/p><h2><b>8. Cambios al Aviso de Privacidad<\/b><\/h2><p><span style=\"font-weight: 400;\">ITBM\u00ae se reserva el derecho de efectuar modificaciones o actualizaciones al presente aviso en cualquier momento, derivado de novedades legislativas o pol\u00edticas internas. Estas estar\u00e1n disponibles en:<\/span><a href=\"https:\/\/www.itbm.com\"> <b>itbm.mx<\/b><\/a><span style=\"font-weight: 400;\">.<\/span><\/p><p><b>\u00daltima actualizaci\u00f3n:<\/b><span style=\"font-weight: 400;\"> 25 Mayo 2025<\/span><\/p>\t\t\t\t\t\t\t\t<\/div>\n\t\t\t\t<\/div>\n\t\t\t\t\t<\/div>\n\t\t<\/div>\n\t\t\t\t\t<\/div>\n\t\t<\/section>\n\t\t\t\t<section class=\"elementor-section elementor-top-section elementor-element elementor-element-e26223a elementor-section-boxed elementor-section-height-default elementor-section-height-default\" data-id=\"e26223a\" data-element_type=\"section\" data-e-type=\"section\">\n\t\t\t\t\t\t<div class=\"elementor-container elementor-column-gap-default\">\n\t\t\t\t\t<div class=\"elementor-column elementor-col-100 elementor-top-column elementor-element elementor-element-40e9be2\" data-id=\"40e9be2\" data-element_type=\"column\" data-e-type=\"column\">\n\t\t\t<div class=\"elementor-widget-wrap\">\n\t\t\t\t\t\t\t<\/div>\n\t\t<\/div>\n\t\t\t\t\t<\/div>\n\t\t<\/section>\n\t\t\t\t<\/div>","protected":false},"excerpt":{"rendered":"<p>AVISO DE PRIVACIDAD INTEGRAL INTEGRAL TECH FOR BUSINESS MANAGEMENT, S. de R.L. de C.V. (ITBM\u00ae) En cumplimiento con la Ley Federal de Protecci\u00f3n de Datos Personales en Posesi\u00f3n de los Particulares (LFPDPPP), su Reglamento y los Lineamientos del Aviso de Privacidad, ITBM\u00ae pone a su disposici\u00f3n el presente documento: 1. Responsable del Tratamiento INTEGRAL TECH [&hellip;]<\/p>\n","protected":false},"author":4,"featured_media":0,"parent":0,"menu_order":0,"comment_status":"closed","ping_status":"closed","template":"elementor_canvas","meta":{"footnotes":""},"class_list":["post-986","page","type-page","status-publish","hentry"],"yoast_head":"<!-- This site is optimized with the Yoast SEO plugin v27.2 - https:\/\/yoast.com\/product\/yoast-seo-wordpress\/ -->\n<title>AVISO DE PRIVACIDAD INTEGRAL - ITBM MX<\/title>\n<meta name=\"robots\" content=\"index, follow, max-snippet:-1, max-image-preview:large, max-video-preview:-1\" \/>\n<link rel=\"canonical\" href=\"https:\/\/itbm.mx\/en\/aviso-de-privacidad-integral\/\" \/>\n<meta property=\"og:locale\" content=\"en_US\" \/>\n<meta property=\"og:type\" content=\"article\" \/>\n<meta property=\"og:title\" content=\"AVISO DE PRIVACIDAD INTEGRAL - ITBM MX\" \/>\n<meta property=\"og:description\" content=\"AVISO DE PRIVACIDAD INTEGRAL INTEGRAL TECH FOR BUSINESS MANAGEMENT, S. de R.L. de C.V. (ITBM\u00ae) En cumplimiento con la Ley Federal de Protecci\u00f3n de Datos Personales en Posesi\u00f3n de los Particulares (LFPDPPP), su Reglamento y los Lineamientos del Aviso de Privacidad, ITBM\u00ae pone a su disposici\u00f3n el presente documento: 1. Responsable del Tratamiento INTEGRAL TECH [&hellip;]\" \/>\n<meta property=\"og:url\" content=\"https:\/\/itbm.mx\/en\/aviso-de-privacidad-integral\/\" \/>\n<meta property=\"og:site_name\" content=\"ITBM MX\" \/>\n<meta property=\"article:modified_time\" content=\"2026-03-30T17:32:32+00:00\" \/>\n<meta property=\"og:image\" content=\"https:\/\/itbm.mx\/wp-content\/uploads\/2023\/12\/Landing-ITBM-Retro-Itbm-Logo.png\" \/>\n\t<meta property=\"og:image:width\" content=\"400\" \/>\n\t<meta property=\"og:image:height\" content=\"300\" \/>\n\t<meta property=\"og:image:type\" content=\"image\/png\" \/>\n<meta name=\"twitter:card\" content=\"summary_large_image\" \/>\n<meta name=\"twitter:image\" content=\"https:\/\/itbm.mx\/wp-content\/uploads\/2023\/12\/Landing-ITBM-Retro-Itbm-Logo.png\" \/>\n<meta name=\"twitter:label1\" content=\"Est. reading time\" \/>\n\t<meta name=\"twitter:data1\" content=\"3 minutes\" \/>\n<script type=\"application\/ld+json\" class=\"yoast-schema-graph\">{\"@context\":\"https:\/\/schema.org\",\"@graph\":[{\"@type\":\"WebPage\",\"@id\":\"https:\/\/itbm.mx\/aviso-de-privacidad-integral\/\",\"url\":\"https:\/\/itbm.mx\/aviso-de-privacidad-integral\/\",\"name\":\"AVISO DE PRIVACIDAD INTEGRAL - ITBM MX\",\"isPartOf\":{\"@id\":\"https:\/\/itbm.mx\/#website\"},\"primaryImageOfPage\":{\"@id\":\"https:\/\/itbm.mx\/aviso-de-privacidad-integral\/#primaryimage\"},\"image\":{\"@id\":\"https:\/\/itbm.mx\/aviso-de-privacidad-integral\/#primaryimage\"},\"thumbnailUrl\":\"https:\/\/itbm.mx\/wp-content\/uploads\/2023\/12\/Landing-ITBM-Retro-Mapa-1024x517.png\",\"datePublished\":\"2025-05-25T01:34:36+00:00\",\"dateModified\":\"2026-03-30T17:32:32+00:00\",\"breadcrumb\":{\"@id\":\"https:\/\/itbm.mx\/aviso-de-privacidad-integral\/#breadcrumb\"},\"inLanguage\":\"en-US\",\"potentialAction\":[{\"@type\":\"ReadAction\",\"target\":[\"https:\/\/itbm.mx\/aviso-de-privacidad-integral\/\"]}]},{\"@type\":\"ImageObject\",\"inLanguage\":\"en-US\",\"@id\":\"https:\/\/itbm.mx\/aviso-de-privacidad-integral\/#primaryimage\",\"url\":\"https:\/\/itbm.mx\/wp-content\/uploads\/2023\/12\/Landing-ITBM-Retro-Mapa-1024x517.png\",\"contentUrl\":\"https:\/\/itbm.mx\/wp-content\/uploads\/2023\/12\/Landing-ITBM-Retro-Mapa-1024x517.png\"},{\"@type\":\"BreadcrumbList\",\"@id\":\"https:\/\/itbm.mx\/aviso-de-privacidad-integral\/#breadcrumb\",\"itemListElement\":[{\"@type\":\"ListItem\",\"position\":1,\"name\":\"Inicio\",\"item\":\"https:\/\/itbm.mx\/\"},{\"@type\":\"ListItem\",\"position\":2,\"name\":\"AVISO DE PRIVACIDAD INTEGRAL\"}]},{\"@type\":\"WebSite\",\"@id\":\"https:\/\/itbm.mx\/#website\",\"url\":\"https:\/\/itbm.mx\/\",\"name\":\"ITBM MX\",\"description\":\"\",\"publisher\":{\"@id\":\"https:\/\/itbm.mx\/#organization\"},\"potentialAction\":[{\"@type\":\"SearchAction\",\"target\":{\"@type\":\"EntryPoint\",\"urlTemplate\":\"https:\/\/itbm.mx\/?s={search_term_string}\"},\"query-input\":{\"@type\":\"PropertyValueSpecification\",\"valueRequired\":true,\"valueName\":\"search_term_string\"}}],\"inLanguage\":\"en-US\"},{\"@type\":\"Organization\",\"@id\":\"https:\/\/itbm.mx\/#organization\",\"name\":\"ITBM MX\",\"url\":\"https:\/\/itbm.mx\/\",\"logo\":{\"@type\":\"ImageObject\",\"inLanguage\":\"en-US\",\"@id\":\"https:\/\/itbm.mx\/#\/schema\/logo\/image\/\",\"url\":\"https:\/\/itbm.mx\/wp-content\/uploads\/2024\/03\/cropped-logo-1000.png\",\"contentUrl\":\"https:\/\/itbm.mx\/wp-content\/uploads\/2024\/03\/cropped-logo-1000.png\",\"width\":1000,\"height\":473,\"caption\":\"ITBM MX\"},\"image\":{\"@id\":\"https:\/\/itbm.mx\/#\/schema\/logo\/image\/\"}}]}<\/script>\n<!-- \/ Yoast SEO plugin. -->","yoast_head_json":{"title":"AVISO DE PRIVACIDAD INTEGRAL - ITBM MX","robots":{"index":"index","follow":"follow","max-snippet":"max-snippet:-1","max-image-preview":"max-image-preview:large","max-video-preview":"max-video-preview:-1"},"canonical":"https:\/\/itbm.mx\/en\/aviso-de-privacidad-integral\/","og_locale":"en_US","og_type":"article","og_title":"AVISO DE PRIVACIDAD INTEGRAL - ITBM MX","og_description":"AVISO DE PRIVACIDAD INTEGRAL INTEGRAL TECH FOR BUSINESS MANAGEMENT, S. de R.L. de C.V. (ITBM\u00ae) En cumplimiento con la Ley Federal de Protecci\u00f3n de Datos Personales en Posesi\u00f3n de los Particulares (LFPDPPP), su Reglamento y los Lineamientos del Aviso de Privacidad, ITBM\u00ae pone a su disposici\u00f3n el presente documento: 1. Responsable del Tratamiento INTEGRAL TECH [&hellip;]","og_url":"https:\/\/itbm.mx\/en\/aviso-de-privacidad-integral\/","og_site_name":"ITBM MX","article_modified_time":"2026-03-30T17:32:32+00:00","og_image":[{"width":400,"height":300,"url":"https:\/\/itbm.mx\/wp-content\/uploads\/2023\/12\/Landing-ITBM-Retro-Itbm-Logo.png","type":"image\/png"}],"twitter_card":"summary_large_image","twitter_image":"https:\/\/itbm.mx\/wp-content\/uploads\/2023\/12\/Landing-ITBM-Retro-Itbm-Logo.png","twitter_misc":{"Est. reading time":"3 minutes"},"schema":{"@context":"https:\/\/schema.org","@graph":[{"@type":"WebPage","@id":"https:\/\/itbm.mx\/aviso-de-privacidad-integral\/","url":"https:\/\/itbm.mx\/aviso-de-privacidad-integral\/","name":"AVISO DE PRIVACIDAD INTEGRAL - ITBM MX","isPartOf":{"@id":"https:\/\/itbm.mx\/#website"},"primaryImageOfPage":{"@id":"https:\/\/itbm.mx\/aviso-de-privacidad-integral\/#primaryimage"},"image":{"@id":"https:\/\/itbm.mx\/aviso-de-privacidad-integral\/#primaryimage"},"thumbnailUrl":"https:\/\/itbm.mx\/wp-content\/uploads\/2023\/12\/Landing-ITBM-Retro-Mapa-1024x517.png","datePublished":"2025-05-25T01:34:36+00:00","dateModified":"2026-03-30T17:32:32+00:00","breadcrumb":{"@id":"https:\/\/itbm.mx\/aviso-de-privacidad-integral\/#breadcrumb"},"inLanguage":"en-US","potentialAction":[{"@type":"ReadAction","target":["https:\/\/itbm.mx\/aviso-de-privacidad-integral\/"]}]},{"@type":"ImageObject","inLanguage":"en-US","@id":"https:\/\/itbm.mx\/aviso-de-privacidad-integral\/#primaryimage","url":"https:\/\/itbm.mx\/wp-content\/uploads\/2023\/12\/Landing-ITBM-Retro-Mapa-1024x517.png","contentUrl":"https:\/\/itbm.mx\/wp-content\/uploads\/2023\/12\/Landing-ITBM-Retro-Mapa-1024x517.png"},{"@type":"BreadcrumbList","@id":"https:\/\/itbm.mx\/aviso-de-privacidad-integral\/#breadcrumb","itemListElement":[{"@type":"ListItem","position":1,"name":"Inicio","item":"https:\/\/itbm.mx\/"},{"@type":"ListItem","position":2,"name":"AVISO DE PRIVACIDAD INTEGRAL"}]},{"@type":"WebSite","@id":"https:\/\/itbm.mx\/#website","url":"https:\/\/itbm.mx\/","name":"ITBM MX","description":"","publisher":{"@id":"https:\/\/itbm.mx\/#organization"},"potentialAction":[{"@type":"SearchAction","target":{"@type":"EntryPoint","urlTemplate":"https:\/\/itbm.mx\/?s={search_term_string}"},"query-input":{"@type":"PropertyValueSpecification","valueRequired":true,"valueName":"search_term_string"}}],"inLanguage":"en-US"},{"@type":"Organization","@id":"https:\/\/itbm.mx\/#organization","name":"ITBM MX","url":"https:\/\/itbm.mx\/","logo":{"@type":"ImageObject","inLanguage":"en-US","@id":"https:\/\/itbm.mx\/#\/schema\/logo\/image\/","url":"https:\/\/itbm.mx\/wp-content\/uploads\/2024\/03\/cropped-logo-1000.png","contentUrl":"https:\/\/itbm.mx\/wp-content\/uploads\/2024\/03\/cropped-logo-1000.png","width":1000,"height":473,"caption":"ITBM MX"},"image":{"@id":"https:\/\/itbm.mx\/#\/schema\/logo\/image\/"}}]}},"_links":{"self":[{"href":"https:\/\/itbm.mx\/en\/wp-json\/wp\/v2\/pages\/986","targetHints":{"allow":["GET"]}}],"collection":[{"href":"https:\/\/itbm.mx\/en\/wp-json\/wp\/v2\/pages"}],"about":[{"href":"https:\/\/itbm.mx\/en\/wp-json\/wp\/v2\/types\/page"}],"author":[{"embeddable":true,"href":"https:\/\/itbm.mx\/en\/wp-json\/wp\/v2\/users\/4"}],"replies":[{"embeddable":true,"href":"https:\/\/itbm.mx\/en\/wp-json\/wp\/v2\/comments?post=986"}],"version-history":[{"count":7,"href":"https:\/\/itbm.mx\/en\/wp-json\/wp\/v2\/pages\/986\/revisions"}],"predecessor-version":[{"id":997,"href":"https:\/\/itbm.mx\/en\/wp-json\/wp\/v2\/pages\/986\/revisions\/997"}],"wp:attachment":[{"href":"https:\/\/itbm.mx\/en\/wp-json\/wp\/v2\/media?parent=986"}],"curies":[{"name":"wp","href":"https:\/\/api.w.org\/{rel}","templated":true}]}}